{"id":6,"date":"2025-09-26T22:23:34","date_gmt":"2025-09-26T22:23:34","guid":{"rendered":"https:\/\/ruta.cat\/?page_id=6"},"modified":"2025-09-29T23:31:27","modified_gmt":"2025-09-29T23:31:27","slug":"6-2","status":"publish","type":"page","link":"https:\/\/ruta.cat\/","title":{"rendered":""},"content":{"rendered":"\n<main class=\"wp-block-group alignfull rc-hero is-layout-flow wp-block-group-is-layout-flow\" style=\"padding-top:calc(var(--rc-pad) * 2);padding-bottom:calc(var(--rc-pad) * 1.5)\">\n<div class=\"wp-block-group rc-container is-layout-flow wp-block-group-is-layout-flow\">\n<h1 class=\"wp-block-heading\">\n  No vols <span class=\"typewriter\" data-words=\"[&quot;m\u00e0rqueting&quot;,&quot;SEO&quot;,&quot;una web&quot;,&quot;anuncis&quot;,&quot;un nou logo&quot;, &quot;posicionar&quot;, &quot;ressenyes&quot;, &quot;newsletter&quot;, &quot;followers&quot;, &quot;branding&quot;, &quot;apps&quot;, &quot;v\u00eddeos virals&quot;, &quot;influencers&quot;]\">\n    <span class=\"tw-text\">m\u00e0rqueting<\/span><span class=\"caret\"><\/span>\n  <\/span>\n<\/h1>\n\n\n\n<p class=\"has-muted-color has-text-color has-link-color wp-elements-268ddc32249ab4d845a7fd95e4d6d05e\">Si treballem junts, no perdrem el temps amb tota aquesta parafern\u00e0lia. No \u00e9s el qu\u00e8, \u00e9s el perqu\u00e8.<\/p>\n\n\n\n<p class=\"has-muted-color has-text-color has-link-color wp-elements-476ed89b3fe848dcf9ac0279b62b6727\">Que <strong>et trobin<\/strong>, <strong>t\u2019escullin<\/strong> i <strong>entrin<\/strong> per la porta.<\/p>\n<\/div>\n<\/main>\n\n\n\n<div class=\"wp-block-group alignfull is-layout-flow wp-block-group-is-layout-flow\" style=\"padding-top:calc(var(--rc-pad) * 1.5);padding-bottom:calc(var(--rc-pad) * 1.5)\">\n<div class=\"wp-block-group rc-container is-layout-flow wp-block-group-is-layout-flow\">\n<h2 class=\"wp-block-heading\">La gr\u00e0cia \u00e9s el resultat, no el servei<\/h2>\n\n\n\n<p class=\"has-muted-color has-text-color has-link-color wp-elements-f8d5f63a2bf51b54f344f7e8b69a8578\">Negocis locals i aut\u00f2noms ens contracten per ajudar-los a pensar, dissenyar i executar tot el que cal per arribar a un punt molt concret. L&#8217;objectiu no \u00e9s fer webs boniques, tenir la fitxa de Google Maps m\u00e9s amunt que ning\u00fa, ni fer contingut online per atraure&#8230; sin\u00f3 ajudar-te a tenir m\u00e9s clients de veritat.<\/p>\n\n\n\n<p class=\"has-muted-color has-text-color has-link-color wp-elements-583180906f4730353c303b5eed7b5602\">\u00c9s veritat que tot aix\u00f2 i m\u00e9s ho podem fer, per\u00f2 no va d&#8217;aix\u00f2 la cosa.<\/p>\n\n\n\n<p class=\"has-muted-color has-text-color has-link-color wp-elements-a1b01374fca4d7e9e7dc4424ee49c67e\">Tenir clients de veritat no sempre vol dir m\u00e9s visites. Pot voler dir que et trobin quan busquen exactament el que vens, que aconsegueixis trucades de gent disposada a pagar el que vals, que redueixis les hores perdudes a xarxes socials sense retorn, o que aprofitis millor cada euro invertit en publicitat.<\/p>\n<\/div>\n<\/div>\n\n\n\n<div class=\"wp-block-group rc-container is-layout-flow wp-block-group-is-layout-flow\">\n<h2 class=\"wp-block-heading\">Sol passar\u2026<\/h2>\n\n\n\n<ul class=\"wp-block-list\">\n<li class=\"has-muted-color has-text-color has-link-color wp-elements-687536c3bc3162ef890d490b7ad00f2f\">No et troben quan busquen el que vens, nom\u00e9s quan escriuen el teu nom.<\/li>\n\n\n\n<li class=\"has-muted-color has-text-color has-link-color wp-elements-69e8ca9f2aa86a181537554473f4fff6\">Els competidors, que fan el mateix que tu (i pitjor) tenen m\u00e9s clients.<\/li>\n\n\n\n<li class=\"has-muted-color has-text-color has-link-color wp-elements-7d808fbc267cb6bcbdc09f8fd4c9f236\">Molts clics i visites, per\u00f2 pocs clients reals que truquin o entrin.<\/li>\n\n\n\n<li class=\"has-muted-color has-text-color has-link-color wp-elements-f03b64643f1af8b435f7e3a01cb0fad0\">Hores infinites perdudes a les xarxes socials, sense resultats.<\/li>\n\n\n\n<li class=\"has-muted-color has-text-color has-link-color wp-elements-12e5a5fee5cd8f2931e9e97efe79cfab\">Decepci\u00f3 amb la publicitat, que no et dona el retorn que volies.<\/li>\n<\/ul>\n\n\n\n<p class=\"has-muted-color has-text-color has-link-color wp-elements-167cdeb6f60938287bfea2b9b5eb13ec\">Tot aix\u00f2, no ho resoldr\u00e0s contractant serveis de qualsevol manera.<\/p>\n\n\n\n<p class=\"has-muted-color has-text-color has-link-color wp-elements-da1c2dba9e76d8637986d1be0a0d9632\"><strong>El futur del teu negoci \u00e9s incert, aposta sobre segur<\/strong><\/p>\n\n\n\n<p class=\"has-muted-color has-text-color has-link-color wp-elements-d622806f316e6d27818ae1ad0ec193a7\">Si vols clients, segurament haur\u00e0s de canviar alguna cosa per atraure&#8217;ls. El qu\u00e8&#8230; dependr\u00e0 molt de tu i del teu negoci. La q\u00fcesti\u00f3 \u00e9s tenir un pla.<\/p>\n\n\n\n<p class=\"has-muted-color has-text-color has-link-color wp-elements-952f797e8f1560671952ea44a677b18c\">La Ruta \u00e9s aquest pla, <strong>el millor cam\u00ed possible<\/strong> per aconseguir que m\u00e9s gent arribi a la teva porta, i despr\u00e9s podrem activar-lo amb plena seguretat.<\/p>\n<\/div>\n\n\n\n<div class=\"wp-block-group alignfull is-layout-flow wp-block-group-is-layout-flow\" id=\"ruta\" style=\"padding-top:calc(var(--rc-pad) * 1.5);padding-bottom:calc(var(--rc-pad) * 1.5)\">\n<div class=\"wp-block-group rc-container is-layout-flow wp-block-group-is-layout-flow\">\n<h2 class=\"wp-block-heading\">Funcionem en dues fases<\/h2>\n\n\n\n<div class=\"wp-block-columns is-layout-flex wp-container-core-columns-is-layout-28f84493 wp-block-columns-is-layout-flex\">\n<div class=\"wp-block-column is-layout-flow wp-block-column-is-layout-flow\">\n<h3 class=\"wp-block-heading\">1) La Ruta<\/h3>\n\n\n\n<p class=\"has-border-color has-muted-background-color has-text-color has-background has-link-color wp-elements-22d23011e01207a0d98e6db6d99ebba4\">\u00c9s un proc\u00e9s d&#8217;assessoria i an\u00e0lisi. Saps quina \u00e9s la teva situaci\u00f3 i on vols arribar&#8230; nom\u00e9s et cal saber quina ruta agafar\u00e0s. Tu decidir\u00e0s el pressupost, i se&#8217;t proposar\u00e0 el millor projecte possible amb aquesta quantia.<\/p>\n<\/div>\n\n\n\n<div class=\"wp-block-column is-layout-flow wp-block-column-is-layout-flow\">\n<h3 class=\"wp-block-heading\">2) Seguim la ruta de captaci\u00f3<\/h3>\n\n\n\n<p class=\"has-border-color has-muted-background-color has-text-color has-background has-link-color wp-elements-27ddd8f975ce2c7afdf7b2b7d139a189\" id=\"tarifes\">Aqu\u00ed arriba la m\u00e0gia de <strong>la ruta<\/strong>. Activar\u00e9 totes les palanques que h\u00e0gim vist necess\u00e0ries en el teu full de ruta, fent i coordinant serveis.<\/p>\n<\/div>\n<\/div>\n<\/div>\n<\/div>\n\n\n\n<div class=\"wp-block-group alignfull is-layout-flow wp-block-group-is-layout-flow\" style=\"padding-top:calc(var(--rc-pad) * 1.5);padding-bottom:calc(var(--rc-pad) * 1.5)\">\n<div class=\"wp-block-group rc-container is-layout-flow wp-block-group-is-layout-flow\">\n<h2 class=\"wp-block-heading\">Tarifes: tu decideixes quant, jo et proposo el millor<\/h2>\n\n\n\n<p class=\"has-muted-color has-text-color has-link-color wp-elements-4fab0bed171389a052d3fde53e0c4852\">Tu decideixis quin \u00e9s el pressupost. Treballem amb inversions <strong>des de 10.000 \u20ac<\/strong>*. Tindr\u00e0s el millor projecte possible per la quantia que vols invertir.<\/p>\n\n\n\n<p class=\"has-muted-color has-text-color has-link-color wp-elements-a8b8db11cc478896e30ace88e6961b5d\">*Si el teu projecte requereix m\u00e9s inversi\u00f3, no pateixis, que t&#8217;ho dir\u00e9.<\/p>\n\n\n\n<details class=\"wp-block-details has-vivid-cyan-blue-color has-text-color has-link-color wp-elements-85dea833921fcc8a98aa3337592c3ab4 is-layout-flow wp-block-details-is-layout-flow\"><summary>Vols invertir menys de 10.000 \u20ac?<\/summary>\n<p class=\"has-muted-color has-text-color has-link-color wp-elements-f5ef7fcd485a44138f904965b19202bd\">Sempre pots fer nom\u00e9s l&#8217;assessoria de La Ruta (1500 \u20ac), encara que jo recomano fer tot el proc\u00e9s, ja que de res serveixen les idees si no s&#8217;executen b\u00e9, i ning\u00fa com nosaltres ho farem. Segur que trobar\u00e0s moltes altres alternatives per un preu irrisori, per\u00f2 no puc garantir-te que obtinguis resultats.<\/p>\n<\/details>\n\n\n\n<details class=\"wp-block-details has-vivid-cyan-blue-color has-text-color has-link-color wp-elements-9957df35a19ca7b6da375dcdc273f343 is-layout-flow wp-container-core-details-is-layout-8a368f38 wp-block-details-is-layout-flow\"><summary>No saps quant invertir?<\/summary>\n<ul class=\"wp-block-list\">\n<li class=\"has-muted-color has-text-color has-link-color wp-elements-19422291c2a4cc61baa766f1f3556bf8\"><strong>Quina \u00e9s la quantia m\u00ednima<\/strong> perqu\u00e8 el resultat t\u2019agradi?<\/li>\n\n\n\n<li class=\"has-muted-color has-text-color has-link-color wp-elements-7e2f6894cccb8d4a51472ced021a757c\"><strong>Quina quantia no superaries<\/strong> encara que t&#8217;encant\u00e9s el projecte?<\/li>\n<\/ul>\n\n\n\n<p class=\"has-muted-color has-text-color has-link-color wp-elements-f7e66b93d781fb4c9793a7a247e5e24a\">Amb aquest rang, <strong>et proposar\u00e9 tres projectes<\/strong> (m\u00ednim, m\u00e0xim i intermedi). Si <strong>no ens arriba<\/strong> per fer-ho b\u00e9, t\u2019ho dir\u00e9 a la primera trucada.<\/p>\n<\/details>\n<\/div>\n<\/div>\n\n\n\n<div class=\"wp-block-group alignfull is-layout-flow wp-block-group-is-layout-flow\" style=\"padding-top:calc(var(--rc-pad) * 1.5);padding-bottom:calc(var(--rc-pad) * 1.5)\">\n<div class=\"wp-block-group rc-container is-layout-flow wp-block-group-is-layout-flow\">\n<h2 class=\"wp-block-heading\">Aix\u00f2 no \u00e9s per a tothom<\/h2>\n\n\n\n<div class=\"wp-block-columns is-layout-flex wp-container-core-columns-is-layout-28f84493 wp-block-columns-is-layout-flex\">\n<div class=\"wp-block-column is-layout-flow wp-block-column-is-layout-flow\">\n<h3 class=\"wp-block-heading has-muted-color has-text-color has-link-color wp-elements-5c083b30372555fdfccc7d3d3cdec683\">\u00c9s per a tu si\u2026<\/h3>\n\n\n\n<ul class=\"wp-block-list\">\n<li class=\"has-muted-color has-text-color has-link-color wp-elements-2b25dc3c88bd1da0ddc079de1ecdc1cd\">Vols <strong>clients entrant per la porta<\/strong> i punt.<\/li>\n\n\n\n<li class=\"has-muted-color has-text-color has-link-color wp-elements-8793fc84342f3417c6e9aea29a865f33\">Vols <strong>decisions clares<\/strong> i responsabilitat.<\/li>\n\n\n\n<li class=\"has-muted-color has-text-color has-link-color wp-elements-24db309d7add19c6284a5bb77c26d363\">Acceptes que <strong>el preu segueix l\u2019ambici\u00f3<\/strong> i el mercat.<\/li>\n\n\n\n<li class=\"has-muted-color has-text-color has-link-color wp-elements-0ccd1f01a15485aaa431809e9ad7a2e8\">Est\u00e0s disposat a <strong>fer canvis<\/strong> en el teu negoci.<\/li>\n<\/ul>\n<\/div>\n\n\n\n<div class=\"wp-block-column is-layout-flow wp-block-column-is-layout-flow\">\n<h3 class=\"wp-block-heading has-muted-color has-text-color has-link-color wp-elements-42c491d79584bb293dcd0374f27796d4\">No \u00e9s per a tu si\u2026<\/h3>\n\n\n\n<ul class=\"wp-block-list\">\n<li class=\"has-muted-color has-text-color has-link-color wp-elements-8925054250a6f54c75f8d5a3525492b4\">Prefereixes parlar de <strong>productes<\/strong> (SEO, web, anuncis) i no de <strong>resultats<\/strong>.<\/li>\n\n\n\n<li class=\"has-muted-color has-text-color has-link-color wp-elements-fca6be0991331f15a09cab80c81ac5ca\">A la vostra empresa ja <strong>no doneu l&#8217;abast<\/strong>.<\/li>\n\n\n\n<li class=\"has-muted-color has-text-color has-link-color wp-elements-8d41250c2b277d65df56793ccbc37ef5\">Creus que l\u2019\u00fanica forma fiable de guanyar clients \u00e9s <strong>invertint en publicitat<\/strong>.<\/li>\n\n\n\n<li class=\"has-muted-color has-text-color has-link-color wp-elements-9b346490fd2d4716f67927b5288536f6\">Em demanar\u00e0s un <strong>descompte<\/strong>. Mai els dono ni els donar\u00e9.<\/li>\n\n\n\n<li class=\"has-muted-color has-text-color has-link-color wp-elements-830829d791123b82fff519f462e1cc31\">Et sembla indispensable saber <strong>qui soc<\/strong>, quins reconeixements, quins casos d&#8217;\u00e8xit&#8230;* <\/li>\n<\/ul>\n\n\n\n<p class=\"has-muted-color has-text-color has-link-color has-small-font-size wp-elements-0fbbd96d9ff50fbed9a09bed5fc09edc\">*No s\u00f3n importants ni jo ni les meves medalletes. L&#8217;Important \u00e9s que et puc ajudar, i ning\u00fa m\u00e9s t&#8217;oferir\u00e0 una assessoria com aquesta.<\/p>\n<\/div>\n<\/div>\n<\/div>\n<\/div>\n\n\n\n<div class=\"wp-block-group alignfull is-layout-flow wp-block-group-is-layout-flow\" id=\"contacte\" style=\"padding-top:calc(var(--rc-pad) * 1.5);padding-bottom:calc(var(--rc-pad) * 1.5)\">\n<div class=\"wp-block-group rc-container is-layout-flow wp-block-group-is-layout-flow\">\n<h2 class=\"wp-block-heading\">Parlem?<\/h2>\n\n\n\n<p class=\"has-muted-color has-text-color has-link-color wp-elements-d6efa957df49c09af6c796e8985378aa\">Truca\u2019m o envia&#8217;m un WhatsApp al <strong>tel\u00e8fon 600 850 399<\/strong> dient-me que \u00abem contactes per ruta.cat\u00bb, i de seguida sabr\u00e9 a qu\u00e8 ens referim, o escriu-me a <a><strong>correu@ruta.cat<\/strong><\/a>.<\/p>\n<\/div>\n<\/div>\n\n\n\n<footer class=\"wp-block-group alignfull rc-footer is-layout-flow wp-block-group-is-layout-flow\" style=\"padding-top:24px;padding-bottom:40px\">\n<div class=\"wp-block-group rc-container is-layout-flow wp-block-group-is-layout-flow\">\n<p class=\"has-text-align-center has-muted-color has-text-color has-link-color has-medium-font-size wp-elements-d001a49b71183740e86a95e273be5997\">Ruta.cat \u2014 Captaci\u00f3 de clients locals \u00b7  correu@ruta.cat | 600 850 399 <\/p>\n<\/div>\n<\/footer>\n","protected":false},"excerpt":{"rendered":"<p>No vols m\u00e0rqueting Si treballem junts, no perdrem el temps amb tota aquesta parafern\u00e0lia. No \u00e9s el qu\u00e8, \u00e9s el perqu\u00e8. Que et trobin, t\u2019escullin i entrin per la porta. La gr\u00e0cia \u00e9s el resultat, no el servei Negocis locals i aut\u00f2noms ens contracten per ajudar-los a pensar, dissenyar i executar tot el que cal [&hellip;]<\/p>\n","protected":false},"author":1,"featured_media":0,"parent":0,"menu_order":0,"comment_status":"closed","ping_status":"closed","template":"","meta":{"footnotes":""},"class_list":["post-6","page","type-page","status-publish","hentry"],"_links":{"self":[{"href":"https:\/\/ruta.cat\/index.php?rest_route=\/wp\/v2\/pages\/6","targetHints":{"allow":["GET"]}}],"collection":[{"href":"https:\/\/ruta.cat\/index.php?rest_route=\/wp\/v2\/pages"}],"about":[{"href":"https:\/\/ruta.cat\/index.php?rest_route=\/wp\/v2\/types\/page"}],"author":[{"embeddable":true,"href":"https:\/\/ruta.cat\/index.php?rest_route=\/wp\/v2\/users\/1"}],"replies":[{"embeddable":true,"href":"https:\/\/ruta.cat\/index.php?rest_route=%2Fwp%2Fv2%2Fcomments&post=6"}],"version-history":[{"count":89,"href":"https:\/\/ruta.cat\/index.php?rest_route=\/wp\/v2\/pages\/6\/revisions"}],"predecessor-version":[{"id":119,"href":"https:\/\/ruta.cat\/index.php?rest_route=\/wp\/v2\/pages\/6\/revisions\/119"}],"wp:attachment":[{"href":"https:\/\/ruta.cat\/index.php?rest_route=%2Fwp%2Fv2%2Fmedia&parent=6"}],"curies":[{"name":"wp","href":"https:\/\/api.w.org\/{rel}","templated":true}]}}